{"id":7,"date":"2025-10-17T01:24:04","date_gmt":"2025-10-17T01:24:04","guid":{"rendered":"https:\/\/palezzisemijoias.com.br\/?page_id=7"},"modified":"2025-10-17T01:24:04","modified_gmt":"2025-10-17T01:24:04","slug":"carrinho","status":"publish","type":"page","link":"https:\/\/palezzisemijoias.com.br\/?page_id=7","title":{"rendered":"Carrinho"},"content":{"rendered":"\n<div data-block-name=\"woocommerce\/cart\" class=\"wp-block-woocommerce-cart alignwide is-loading\">\n<div data-block-name=\"woocommerce\/filled-cart-block\" class=\"wp-block-woocommerce-filled-cart-block\">\n<div data-block-name=\"woocommerce\/cart-items-block\" class=\"wp-block-woocommerce-cart-items-block\">\n<div data-block-name=\"woocommerce\/cart-line-items-block\" class=\"wp-block-woocommerce-cart-line-items-block\"><\/div>\n\n\n<\/div>\n\n\n\n\n<div data-block-name=\"woocommerce\/cart-totals-block\" class=\"wp-block-woocommerce-cart-totals-block\">\n<div data-block-name=\"woocommerce\/cart-order-summary-block\" class=\"wp-block-woocommerce-cart-order-summary-block\">\n<div data-block-name=\"woocommerce\/cart-order-summary-heading-block\" class=\"wp-block-woocommerce-cart-order-summary-heading-block\"><\/div><div data-block-name=\"woocommerce\/cart-order-summary-coupon-form-block\" class=\"wp-block-woocommerce-cart-order-summary-coupon-form-block\"><\/div><div data-block-name=\"woocommerce\/cart-order-summary-totals-block\" class=\"wp-block-woocommerce-cart-order-summary-totals-block\">\n<div data-block-name=\"woocommerce\/cart-order-summary-subtotal-block\" class=\"wp-block-woocommerce-cart-order-summary-subtotal-block\"><\/div>\n<div data-block-name=\"woocommerce\/cart-order-summary-discount-block\" class=\"wp-block-woocommerce-cart-order-summary-discount-block\"><\/div>\n<div data-block-name=\"woocommerce\/cart-order-summary-fee-block\" class=\"wp-block-woocommerce-cart-order-summary-fee-block\"><\/div>\n<div data-block-name=\"woocommerce\/cart-order-summary-shipping-block\" class=\"wp-block-woocommerce-cart-order-summary-shipping-block\"><\/div>\n<div data-block-name=\"woocommerce\/cart-order-summary-taxes-block\" class=\"wp-block-woocommerce-cart-order-summary-taxes-block\"><\/div><\/div>\n<\/div>\n\n\n\n<div data-block-name=\"woocommerce\/cart-express-payment-block\" class=\"wp-block-woocommerce-cart-express-payment-block\"><\/div>\n\n\n\n<div data-block-name=\"woocommerce\/proceed-to-checkout-block\" class=\"wp-block-woocommerce-proceed-to-checkout-block\"><\/div>\n\n\n\n<div data-block-name=\"woocommerce\/cart-accepted-payment-methods-block\" class=\"wp-block-woocommerce-cart-accepted-payment-methods-block\"><\/div>\n<\/div>\n<\/div>\n\n\n\n<div data-block-name=\"woocommerce\/empty-cart-block\" class=\"wp-block-woocommerce-empty-cart-block\">\n<h2 class=\"wp-block-heading has-text-align-center with-empty-cart-icon wc-block-cart__empty-cart__title\">Seu carrinho est\u00e1 vazio no momento!<\/h2>\n\n\n\n<hr class=\"wp-block-separator has-alpha-channel-opacity is-style-dots\"\/>\n\n\n\n<h2 class=\"wp-block-heading has-text-align-center\">Novo na loja<\/h2>\n\n\n<div data-block-name=\"woocommerce\/product-new\" data-columns=\"4\" data-rows=\"1\" class=\"wc-block-grid wp-block-product-new wp-block-woocommerce-product-new wc-block-product-new has-4-columns\"><ul class=\"wc-block-grid__products\"><li class=\"wc-block-grid__product\">\n\t\t\t\t<a href=\"https:\/\/palezzisemijoias.com.br\/?product=tornozeleira-uma-flor-com-zirconia-cristal\" class=\"wc-block-grid__product-link\">\n\t\t\t\t\t\n\t\t\t\t\t<div class=\"wc-block-grid__product-image\"><img fetchpriority=\"high\" decoding=\"async\" width=\"600\" height=\"600\" src=\"https:\/\/palezzisemijoias.com.br\/wp-content\/uploads\/2025\/10\/IMG_2128-Pamela-Leite-600x600.jpeg\" class=\"attachment-woocommerce_thumbnail size-woocommerce_thumbnail\" alt=\"Tornozeleira uma flor com zirc\u00f4nia cristal\" srcset=\"https:\/\/palezzisemijoias.com.br\/wp-content\/uploads\/2025\/10\/IMG_2128-Pamela-Leite-600x600.jpeg 600w, https:\/\/palezzisemijoias.com.br\/wp-content\/uploads\/2025\/10\/IMG_2128-Pamela-Leite-150x150.jpeg 150w\" sizes=\"(max-width: 600px) 100vw, 600px\" \/><\/div>\n\t\t\t\t\t<div class=\"wc-block-grid__product-title\">Tornozeleira uma flor com zirc\u00f4nia cristal<\/div>\n\t\t\t\t<\/a>\n\t\t\t\t<div class=\"wc-block-grid__product-price price\"><span class=\"woocommerce-Price-amount amount\"><span class=\"woocommerce-Price-currencySymbol\">&#082;&#036;<\/span>&nbsp;69,00<\/span><\/div>\n\t\t\t\t\n\t\t\t\t<div class=\"wp-block-button wc-block-grid__product-add-to-cart\"><a href=\"\/index.php?rest_route=%2Fwp%2Fv2%2Fpages%2F7&#038;add-to-cart=729\" aria-label=\"Adicione ao carrinho: &ldquo;Tornozeleira uma flor com zirc\u00f4nia cristal&rdquo;\" data-quantity=\"1\" data-product_id=\"729\" data-product_sku=\"\" data-price=\"69\" rel=\"nofollow\" class=\"wp-block-button__link  add_to_cart_button ajax_add_to_cart\">Adicionar ao carrinho<\/a><\/div>\n\t\t\t<\/li><li class=\"wc-block-grid__product\">\n\t\t\t\t<a href=\"https:\/\/palezzisemijoias.com.br\/?product=anel-borboleta-cravejada-e-ponto-de-luz\" class=\"wc-block-grid__product-link\">\n\t\t\t\t\t\n\t\t\t\t\t<div class=\"wc-block-grid__product-image\"><img decoding=\"async\" width=\"600\" height=\"600\" src=\"https:\/\/palezzisemijoias.com.br\/wp-content\/uploads\/2025\/10\/IMG_2136-Pamela-Leite-600x600.jpeg\" class=\"attachment-woocommerce_thumbnail size-woocommerce_thumbnail\" alt=\"Anel borboleta cravejada e ponto de luz\" srcset=\"https:\/\/palezzisemijoias.com.br\/wp-content\/uploads\/2025\/10\/IMG_2136-Pamela-Leite-600x600.jpeg 600w, https:\/\/palezzisemijoias.com.br\/wp-content\/uploads\/2025\/10\/IMG_2136-Pamela-Leite-150x150.jpeg 150w\" sizes=\"(max-width: 600px) 100vw, 600px\" \/><\/div>\n\t\t\t\t\t<div class=\"wc-block-grid__product-title\">Anel borboleta cravejada e ponto de luz<\/div>\n\t\t\t\t<\/a>\n\t\t\t\t<div class=\"wc-block-grid__product-price price\"><span class=\"woocommerce-Price-amount amount\"><span class=\"woocommerce-Price-currencySymbol\">&#082;&#036;<\/span>&nbsp;79,00<\/span><\/div>\n\t\t\t\t\n\t\t\t\t<div class=\"wp-block-button wc-block-grid__product-add-to-cart\"><a href=\"\/index.php?rest_route=%2Fwp%2Fv2%2Fpages%2F7&#038;add-to-cart=727\" aria-label=\"Adicione ao carrinho: &ldquo;Anel borboleta cravejada e ponto de luz&rdquo;\" data-quantity=\"1\" data-product_id=\"727\" data-product_sku=\"\" data-price=\"79\" rel=\"nofollow\" class=\"wp-block-button__link  add_to_cart_button ajax_add_to_cart\">Adicionar ao carrinho<\/a><\/div>\n\t\t\t<\/li><li class=\"wc-block-grid__product\">\n\t\t\t\t<a href=\"https:\/\/palezzisemijoias.com.br\/?product=pulseira-tres-coracoes-vazados-e-dois-com-cristal\" class=\"wc-block-grid__product-link\">\n\t\t\t\t\t\n\t\t\t\t\t<div class=\"wc-block-grid__product-image\"><img decoding=\"async\" width=\"600\" height=\"600\" src=\"https:\/\/palezzisemijoias.com.br\/wp-content\/uploads\/2025\/10\/IMG_2116-Pamela-Leite-600x600.jpeg\" class=\"attachment-woocommerce_thumbnail size-woocommerce_thumbnail\" alt=\"Pulseira tr\u00eas cora\u00e7\u00f5es vazados e dois com cristal\" srcset=\"https:\/\/palezzisemijoias.com.br\/wp-content\/uploads\/2025\/10\/IMG_2116-Pamela-Leite-600x600.jpeg 600w, https:\/\/palezzisemijoias.com.br\/wp-content\/uploads\/2025\/10\/IMG_2116-Pamela-Leite-150x150.jpeg 150w\" sizes=\"(max-width: 600px) 100vw, 600px\" \/><\/div>\n\t\t\t\t\t<div class=\"wc-block-grid__product-title\">Pulseira tr\u00eas cora\u00e7\u00f5es vazados e dois com cristal<\/div>\n\t\t\t\t<\/a>\n\t\t\t\t<div class=\"wc-block-grid__product-price price\"><span class=\"woocommerce-Price-amount amount\"><span class=\"woocommerce-Price-currencySymbol\">&#082;&#036;<\/span>&nbsp;79,00<\/span><\/div>\n\t\t\t\t\n\t\t\t\t<div class=\"wp-block-button wc-block-grid__product-add-to-cart\"><a href=\"\/index.php?rest_route=%2Fwp%2Fv2%2Fpages%2F7&#038;add-to-cart=725\" aria-label=\"Adicione ao carrinho: &ldquo;Pulseira tr\u00eas cora\u00e7\u00f5es vazados e dois com cristal&rdquo;\" data-quantity=\"1\" data-product_id=\"725\" data-product_sku=\"\" data-price=\"79\" rel=\"nofollow\" class=\"wp-block-button__link  add_to_cart_button ajax_add_to_cart\">Adicionar ao carrinho<\/a><\/div>\n\t\t\t<\/li><li class=\"wc-block-grid__product\">\n\t\t\t\t<a href=\"https:\/\/palezzisemijoias.com.br\/?product=colar-choker-tres-coracoes-vazados\" class=\"wc-block-grid__product-link\">\n\t\t\t\t\t\n\t\t\t\t\t<div class=\"wc-block-grid__product-image\"><img loading=\"lazy\" decoding=\"async\" width=\"600\" height=\"600\" src=\"https:\/\/palezzisemijoias.com.br\/wp-content\/uploads\/2025\/10\/IMG_2118-Pamela-Leite-600x600.jpeg\" class=\"attachment-woocommerce_thumbnail size-woocommerce_thumbnail\" alt=\"Colar choker tr\u00eas cora\u00e7\u00f5es vazados\" srcset=\"https:\/\/palezzisemijoias.com.br\/wp-content\/uploads\/2025\/10\/IMG_2118-Pamela-Leite-600x600.jpeg 600w, https:\/\/palezzisemijoias.com.br\/wp-content\/uploads\/2025\/10\/IMG_2118-Pamela-Leite-150x150.jpeg 150w\" sizes=\"(max-width: 600px) 100vw, 600px\" \/><\/div>\n\t\t\t\t\t<div class=\"wc-block-grid__product-title\">Colar choker tr\u00eas cora\u00e7\u00f5es vazados<\/div>\n\t\t\t\t<\/a>\n\t\t\t\t<div class=\"wc-block-grid__product-price price\"><span class=\"woocommerce-Price-amount amount\"><span class=\"woocommerce-Price-currencySymbol\">&#082;&#036;<\/span>&nbsp;89,00<\/span><\/div>\n\t\t\t\t\n\t\t\t\t<div class=\"wp-block-button wc-block-grid__product-add-to-cart\"><a href=\"\/index.php?rest_route=%2Fwp%2Fv2%2Fpages%2F7&#038;add-to-cart=723\" aria-label=\"Adicione ao carrinho: &ldquo;Colar choker tr\u00eas cora\u00e7\u00f5es vazados&rdquo;\" data-quantity=\"1\" data-product_id=\"723\" data-product_sku=\"\" data-price=\"89\" rel=\"nofollow\" class=\"wp-block-button__link  add_to_cart_button ajax_add_to_cart\">Adicionar ao carrinho<\/a><\/div>\n\t\t\t<\/li><\/ul><\/div><\/div>\n<\/div>\n","protected":false},"excerpt":{"rendered":"","protected":false},"author":1,"featured_media":0,"parent":0,"menu_order":0,"comment_status":"closed","ping_status":"closed","template":"","meta":{"footnotes":""},"class_list":["post-7","page","type-page","status-publish","hentry"],"yoast_head":"<!-- This site is optimized with the Yoast SEO plugin v26.9 - https:\/\/yoast.com\/product\/yoast-seo-wordpress\/ -->\n<title>Carrinho - Palezzi Semijoias<\/title>\n<meta name=\"robots\" content=\"index, follow, max-snippet:-1, max-image-preview:large, max-video-preview:-1\" \/>\n<link rel=\"canonical\" href=\"https:\/\/palezzisemijoias.com.br\/?page_id=7\" \/>\n<meta property=\"og:locale\" content=\"pt_BR\" \/>\n<meta property=\"og:type\" content=\"article\" \/>\n<meta property=\"og:title\" content=\"Carrinho - Palezzi Semijoias\" \/>\n<meta property=\"og:url\" content=\"https:\/\/palezzisemijoias.com.br\/?page_id=7\" \/>\n<meta property=\"og:site_name\" content=\"Palezzi Semijoias\" \/>\n<meta name=\"twitter:card\" content=\"summary_large_image\" \/>\n<script type=\"application\/ld+json\" class=\"yoast-schema-graph\">{\"@context\":\"https:\/\/schema.org\",\"@graph\":[{\"@type\":\"WebPage\",\"@id\":\"https:\/\/palezzisemijoias.com.br\/?page_id=7\",\"url\":\"https:\/\/palezzisemijoias.com.br\/?page_id=7\",\"name\":\"Carrinho - Palezzi Semijoias\",\"isPartOf\":{\"@id\":\"https:\/\/palezzisemijoias.com.br\/#website\"},\"datePublished\":\"2025-10-17T01:24:04+00:00\",\"breadcrumb\":{\"@id\":\"https:\/\/palezzisemijoias.com.br\/?page_id=7#breadcrumb\"},\"inLanguage\":\"pt-BR\",\"potentialAction\":[{\"@type\":\"ReadAction\",\"target\":[\"https:\/\/palezzisemijoias.com.br\/?page_id=7\"]}]},{\"@type\":\"BreadcrumbList\",\"@id\":\"https:\/\/palezzisemijoias.com.br\/?page_id=7#breadcrumb\",\"itemListElement\":[{\"@type\":\"ListItem\",\"position\":1,\"name\":\"In\u00edcio\",\"item\":\"https:\/\/palezzisemijoias.com.br\/\"},{\"@type\":\"ListItem\",\"position\":2,\"name\":\"Carrinho\"}]},{\"@type\":\"WebSite\",\"@id\":\"https:\/\/palezzisemijoias.com.br\/#website\",\"url\":\"https:\/\/palezzisemijoias.com.br\/\",\"name\":\"Palezzi Semijoias\",\"description\":\"\",\"potentialAction\":[{\"@type\":\"SearchAction\",\"target\":{\"@type\":\"EntryPoint\",\"urlTemplate\":\"https:\/\/palezzisemijoias.com.br\/?s={search_term_string}\"},\"query-input\":{\"@type\":\"PropertyValueSpecification\",\"valueRequired\":true,\"valueName\":\"search_term_string\"}}],\"inLanguage\":\"pt-BR\"}]}<\/script>\n<!-- \/ Yoast SEO plugin. -->","yoast_head_json":{"title":"Carrinho - Palezzi Semijoias","robots":{"index":"index","follow":"follow","max-snippet":"max-snippet:-1","max-image-preview":"max-image-preview:large","max-video-preview":"max-video-preview:-1"},"canonical":"https:\/\/palezzisemijoias.com.br\/?page_id=7","og_locale":"pt_BR","og_type":"article","og_title":"Carrinho - Palezzi Semijoias","og_url":"https:\/\/palezzisemijoias.com.br\/?page_id=7","og_site_name":"Palezzi Semijoias","twitter_card":"summary_large_image","schema":{"@context":"https:\/\/schema.org","@graph":[{"@type":"WebPage","@id":"https:\/\/palezzisemijoias.com.br\/?page_id=7","url":"https:\/\/palezzisemijoias.com.br\/?page_id=7","name":"Carrinho - Palezzi Semijoias","isPartOf":{"@id":"https:\/\/palezzisemijoias.com.br\/#website"},"datePublished":"2025-10-17T01:24:04+00:00","breadcrumb":{"@id":"https:\/\/palezzisemijoias.com.br\/?page_id=7#breadcrumb"},"inLanguage":"pt-BR","potentialAction":[{"@type":"ReadAction","target":["https:\/\/palezzisemijoias.com.br\/?page_id=7"]}]},{"@type":"BreadcrumbList","@id":"https:\/\/palezzisemijoias.com.br\/?page_id=7#breadcrumb","itemListElement":[{"@type":"ListItem","position":1,"name":"In\u00edcio","item":"https:\/\/palezzisemijoias.com.br\/"},{"@type":"ListItem","position":2,"name":"Carrinho"}]},{"@type":"WebSite","@id":"https:\/\/palezzisemijoias.com.br\/#website","url":"https:\/\/palezzisemijoias.com.br\/","name":"Palezzi Semijoias","description":"","potentialAction":[{"@type":"SearchAction","target":{"@type":"EntryPoint","urlTemplate":"https:\/\/palezzisemijoias.com.br\/?s={search_term_string}"},"query-input":{"@type":"PropertyValueSpecification","valueRequired":true,"valueName":"search_term_string"}}],"inLanguage":"pt-BR"}]}},"_links":{"self":[{"href":"https:\/\/palezzisemijoias.com.br\/index.php?rest_route=\/wp\/v2\/pages\/7","targetHints":{"allow":["GET"]}}],"collection":[{"href":"https:\/\/palezzisemijoias.com.br\/index.php?rest_route=\/wp\/v2\/pages"}],"about":[{"href":"https:\/\/palezzisemijoias.com.br\/index.php?rest_route=\/wp\/v2\/types\/page"}],"author":[{"embeddable":true,"href":"https:\/\/palezzisemijoias.com.br\/index.php?rest_route=\/wp\/v2\/users\/1"}],"replies":[{"embeddable":true,"href":"https:\/\/palezzisemijoias.com.br\/index.php?rest_route=%2Fwp%2Fv2%2Fcomments&post=7"}],"version-history":[{"count":0,"href":"https:\/\/palezzisemijoias.com.br\/index.php?rest_route=\/wp\/v2\/pages\/7\/revisions"}],"wp:attachment":[{"href":"https:\/\/palezzisemijoias.com.br\/index.php?rest_route=%2Fwp%2Fv2%2Fmedia&parent=7"}],"curies":[{"name":"wp","href":"https:\/\/api.w.org\/{rel}","templated":true}]}}