{"id":723,"date":"2025-10-18T12:09:56","date_gmt":"2025-10-18T12:09:56","guid":{"rendered":"https:\/\/palezzisemijoias.com.br\/?post_type=product&#038;p=723"},"modified":"2025-10-18T12:11:05","modified_gmt":"2025-10-18T12:11:05","slug":"colar-choker-tres-coracoes-vazados","status":"publish","type":"product","link":"https:\/\/palezzisemijoias.com.br\/?product=colar-choker-tres-coracoes-vazados","title":{"rendered":"Colar choker tr\u00eas cora\u00e7\u00f5es vazados"},"content":{"rendered":"<p>Colar choker tr\u00eas cora\u00e7\u00f5es vazados<\/p>\n<p>Colar delicado com corrente fina e tr\u00eas cora\u00e7\u00f5es vazados.<\/p>\n<p>Informa\u00e7\u00f5es da pe\u00e7a:<br \/>\n-C\u00f3digo: CL3046<br \/>\n-Banho: ouro 18k ou r\u00f3dio branco<br \/>\n-Medidas: 40cm de comprimento + 5cm de extensor<br \/>\n-Pe\u00e7a hipoalerg\u00eanica<br \/>\n-Garantia de 6 meses<\/p>\n<p>Cuidados com a pe\u00e7a:<br \/>\n-Evite contato com cloro, cosm\u00e9ticos e produtos qu\u00edmicos;<br \/>\n-Evite tomar banho ou entrar no mar, rio ou piscina usando suas pe\u00e7as;<br \/>\n-Retire suas semijoias para dormir ou fazer qualquer atividade que causem danos as suas pe\u00e7as como queda, batida;<br \/>\n-Guarde as semijoias separadamente para evitar danos.<\/p>\n","protected":false},"excerpt":{"rendered":"<p>Colar choker tr\u00eas cora\u00e7\u00f5es vazados<\/p>\n<p>Colar delicado com corrente fina e tr\u00eas cora\u00e7\u00f5es vazados.<\/p>\n","protected":false},"featured_media":720,"comment_status":"open","ping_status":"closed","template":"","meta":[],"product_brand":[71],"product_cat":[74],"product_tag":[],"class_list":{"0":"post-723","1":"product","2":"type-product","3":"status-publish","4":"has-post-thumbnail","6":"product_brand-palezzi-semijoias","7":"product_cat-colar","9":"first","10":"instock","11":"shipping-taxable","12":"purchasable","13":"product-type-simple"},"yoast_head":"<!-- This site is optimized with the Yoast SEO plugin v26.9 - https:\/\/yoast.com\/product\/yoast-seo-wordpress\/ -->\n<title>Colar choker tr\u00eas cora\u00e7\u00f5es vazados - Palezzi Semijoias<\/title>\n<meta name=\"robots\" content=\"index, follow, max-snippet:-1, max-image-preview:large, max-video-preview:-1\" \/>\n<link rel=\"canonical\" href=\"https:\/\/palezzisemijoias.com.br\/?product=colar-choker-tres-coracoes-vazados\" \/>\n<meta property=\"og:locale\" content=\"pt_BR\" \/>\n<meta property=\"og:type\" content=\"article\" \/>\n<meta property=\"og:title\" content=\"Colar choker tr\u00eas cora\u00e7\u00f5es vazados - Palezzi Semijoias\" \/>\n<meta property=\"og:description\" content=\"Colar choker tr\u00eas cora\u00e7\u00f5es vazados  Colar delicado com corrente fina e tr\u00eas cora\u00e7\u00f5es vazados.\" \/>\n<meta property=\"og:url\" content=\"https:\/\/palezzisemijoias.com.br\/?product=colar-choker-tres-coracoes-vazados\" \/>\n<meta property=\"og:site_name\" content=\"Palezzi Semijoias\" \/>\n<meta property=\"article:modified_time\" content=\"2025-10-18T12:11:05+00:00\" \/>\n<meta property=\"og:image\" content=\"https:\/\/palezzisemijoias.com.br\/wp-content\/uploads\/2025\/10\/IMG_2118-Pamela-Leite-scaled.jpeg\" \/>\n\t<meta property=\"og:image:width\" content=\"1920\" \/>\n\t<meta property=\"og:image:height\" content=\"2560\" \/>\n\t<meta property=\"og:image:type\" content=\"image\/jpeg\" \/>\n<meta name=\"twitter:card\" content=\"summary_large_image\" \/>\n<meta name=\"twitter:label1\" content=\"Est. tempo de leitura\" \/>\n\t<meta name=\"twitter:data1\" content=\"1 minuto\" \/>\n<script type=\"application\/ld+json\" class=\"yoast-schema-graph\">{\"@context\":\"https:\/\/schema.org\",\"@graph\":[{\"@type\":\"WebPage\",\"@id\":\"https:\/\/palezzisemijoias.com.br\/?product=colar-choker-tres-coracoes-vazados\",\"url\":\"https:\/\/palezzisemijoias.com.br\/?product=colar-choker-tres-coracoes-vazados\",\"name\":\"Colar choker tr\u00eas cora\u00e7\u00f5es vazados - Palezzi Semijoias\",\"isPartOf\":{\"@id\":\"https:\/\/palezzisemijoias.com.br\/#website\"},\"primaryImageOfPage\":{\"@id\":\"https:\/\/palezzisemijoias.com.br\/?product=colar-choker-tres-coracoes-vazados#primaryimage\"},\"image\":{\"@id\":\"https:\/\/palezzisemijoias.com.br\/?product=colar-choker-tres-coracoes-vazados#primaryimage\"},\"thumbnailUrl\":\"https:\/\/palezzisemijoias.com.br\/wp-content\/uploads\/2025\/10\/IMG_2118-Pamela-Leite-scaled.jpeg\",\"datePublished\":\"2025-10-18T12:09:56+00:00\",\"dateModified\":\"2025-10-18T12:11:05+00:00\",\"breadcrumb\":{\"@id\":\"https:\/\/palezzisemijoias.com.br\/?product=colar-choker-tres-coracoes-vazados#breadcrumb\"},\"inLanguage\":\"pt-BR\",\"potentialAction\":[{\"@type\":\"ReadAction\",\"target\":[\"https:\/\/palezzisemijoias.com.br\/?product=colar-choker-tres-coracoes-vazados\"]}]},{\"@type\":\"ImageObject\",\"inLanguage\":\"pt-BR\",\"@id\":\"https:\/\/palezzisemijoias.com.br\/?product=colar-choker-tres-coracoes-vazados#primaryimage\",\"url\":\"https:\/\/palezzisemijoias.com.br\/wp-content\/uploads\/2025\/10\/IMG_2118-Pamela-Leite-scaled.jpeg\",\"contentUrl\":\"https:\/\/palezzisemijoias.com.br\/wp-content\/uploads\/2025\/10\/IMG_2118-Pamela-Leite-scaled.jpeg\",\"width\":1920,\"height\":2560},{\"@type\":\"BreadcrumbList\",\"@id\":\"https:\/\/palezzisemijoias.com.br\/?product=colar-choker-tres-coracoes-vazados#breadcrumb\",\"itemListElement\":[{\"@type\":\"ListItem\",\"position\":1,\"name\":\"In\u00edcio\",\"item\":\"https:\/\/palezzisemijoias.com.br\/\"},{\"@type\":\"ListItem\",\"position\":2,\"name\":\"Loja\",\"item\":\"https:\/\/palezzisemijoias.com.br\/?page_id=708\"},{\"@type\":\"ListItem\",\"position\":3,\"name\":\"Colar choker tr\u00eas cora\u00e7\u00f5es vazados\"}]},{\"@type\":\"WebSite\",\"@id\":\"https:\/\/palezzisemijoias.com.br\/#website\",\"url\":\"https:\/\/palezzisemijoias.com.br\/\",\"name\":\"Palezzi Semijoias\",\"description\":\"\",\"potentialAction\":[{\"@type\":\"SearchAction\",\"target\":{\"@type\":\"EntryPoint\",\"urlTemplate\":\"https:\/\/palezzisemijoias.com.br\/?s={search_term_string}\"},\"query-input\":{\"@type\":\"PropertyValueSpecification\",\"valueRequired\":true,\"valueName\":\"search_term_string\"}}],\"inLanguage\":\"pt-BR\"}]}<\/script>\n<!-- \/ Yoast SEO plugin. -->","yoast_head_json":{"title":"Colar choker tr\u00eas cora\u00e7\u00f5es vazados - Palezzi Semijoias","robots":{"index":"index","follow":"follow","max-snippet":"max-snippet:-1","max-image-preview":"max-image-preview:large","max-video-preview":"max-video-preview:-1"},"canonical":"https:\/\/palezzisemijoias.com.br\/?product=colar-choker-tres-coracoes-vazados","og_locale":"pt_BR","og_type":"article","og_title":"Colar choker tr\u00eas cora\u00e7\u00f5es vazados - Palezzi Semijoias","og_description":"Colar choker tr\u00eas cora\u00e7\u00f5es vazados  Colar delicado com corrente fina e tr\u00eas cora\u00e7\u00f5es vazados.","og_url":"https:\/\/palezzisemijoias.com.br\/?product=colar-choker-tres-coracoes-vazados","og_site_name":"Palezzi Semijoias","article_modified_time":"2025-10-18T12:11:05+00:00","og_image":[{"width":1920,"height":2560,"url":"https:\/\/palezzisemijoias.com.br\/wp-content\/uploads\/2025\/10\/IMG_2118-Pamela-Leite-scaled.jpeg","type":"image\/jpeg"}],"twitter_card":"summary_large_image","twitter_misc":{"Est. tempo de leitura":"1 minuto"},"schema":{"@context":"https:\/\/schema.org","@graph":[{"@type":"WebPage","@id":"https:\/\/palezzisemijoias.com.br\/?product=colar-choker-tres-coracoes-vazados","url":"https:\/\/palezzisemijoias.com.br\/?product=colar-choker-tres-coracoes-vazados","name":"Colar choker tr\u00eas cora\u00e7\u00f5es vazados - Palezzi Semijoias","isPartOf":{"@id":"https:\/\/palezzisemijoias.com.br\/#website"},"primaryImageOfPage":{"@id":"https:\/\/palezzisemijoias.com.br\/?product=colar-choker-tres-coracoes-vazados#primaryimage"},"image":{"@id":"https:\/\/palezzisemijoias.com.br\/?product=colar-choker-tres-coracoes-vazados#primaryimage"},"thumbnailUrl":"https:\/\/palezzisemijoias.com.br\/wp-content\/uploads\/2025\/10\/IMG_2118-Pamela-Leite-scaled.jpeg","datePublished":"2025-10-18T12:09:56+00:00","dateModified":"2025-10-18T12:11:05+00:00","breadcrumb":{"@id":"https:\/\/palezzisemijoias.com.br\/?product=colar-choker-tres-coracoes-vazados#breadcrumb"},"inLanguage":"pt-BR","potentialAction":[{"@type":"ReadAction","target":["https:\/\/palezzisemijoias.com.br\/?product=colar-choker-tres-coracoes-vazados"]}]},{"@type":"ImageObject","inLanguage":"pt-BR","@id":"https:\/\/palezzisemijoias.com.br\/?product=colar-choker-tres-coracoes-vazados#primaryimage","url":"https:\/\/palezzisemijoias.com.br\/wp-content\/uploads\/2025\/10\/IMG_2118-Pamela-Leite-scaled.jpeg","contentUrl":"https:\/\/palezzisemijoias.com.br\/wp-content\/uploads\/2025\/10\/IMG_2118-Pamela-Leite-scaled.jpeg","width":1920,"height":2560},{"@type":"BreadcrumbList","@id":"https:\/\/palezzisemijoias.com.br\/?product=colar-choker-tres-coracoes-vazados#breadcrumb","itemListElement":[{"@type":"ListItem","position":1,"name":"In\u00edcio","item":"https:\/\/palezzisemijoias.com.br\/"},{"@type":"ListItem","position":2,"name":"Loja","item":"https:\/\/palezzisemijoias.com.br\/?page_id=708"},{"@type":"ListItem","position":3,"name":"Colar choker tr\u00eas cora\u00e7\u00f5es vazados"}]},{"@type":"WebSite","@id":"https:\/\/palezzisemijoias.com.br\/#website","url":"https:\/\/palezzisemijoias.com.br\/","name":"Palezzi Semijoias","description":"","potentialAction":[{"@type":"SearchAction","target":{"@type":"EntryPoint","urlTemplate":"https:\/\/palezzisemijoias.com.br\/?s={search_term_string}"},"query-input":{"@type":"PropertyValueSpecification","valueRequired":true,"valueName":"search_term_string"}}],"inLanguage":"pt-BR"}]}},"_links":{"self":[{"href":"https:\/\/palezzisemijoias.com.br\/index.php?rest_route=\/wp\/v2\/product\/723","targetHints":{"allow":["GET"]}}],"collection":[{"href":"https:\/\/palezzisemijoias.com.br\/index.php?rest_route=\/wp\/v2\/product"}],"about":[{"href":"https:\/\/palezzisemijoias.com.br\/index.php?rest_route=\/wp\/v2\/types\/product"}],"replies":[{"embeddable":true,"href":"https:\/\/palezzisemijoias.com.br\/index.php?rest_route=%2Fwp%2Fv2%2Fcomments&post=723"}],"version-history":[{"count":1,"href":"https:\/\/palezzisemijoias.com.br\/index.php?rest_route=\/wp\/v2\/product\/723\/revisions"}],"predecessor-version":[{"id":724,"href":"https:\/\/palezzisemijoias.com.br\/index.php?rest_route=\/wp\/v2\/product\/723\/revisions\/724"}],"wp:featuredmedia":[{"embeddable":true,"href":"https:\/\/palezzisemijoias.com.br\/index.php?rest_route=\/wp\/v2\/media\/720"}],"wp:attachment":[{"href":"https:\/\/palezzisemijoias.com.br\/index.php?rest_route=%2Fwp%2Fv2%2Fmedia&parent=723"}],"wp:term":[{"taxonomy":"product_brand","embeddable":true,"href":"https:\/\/palezzisemijoias.com.br\/index.php?rest_route=%2Fwp%2Fv2%2Fproduct_brand&post=723"},{"taxonomy":"product_cat","embeddable":true,"href":"https:\/\/palezzisemijoias.com.br\/index.php?rest_route=%2Fwp%2Fv2%2Fproduct_cat&post=723"},{"taxonomy":"product_tag","embeddable":true,"href":"https:\/\/palezzisemijoias.com.br\/index.php?rest_route=%2Fwp%2Fv2%2Fproduct_tag&post=723"}],"curies":[{"name":"wp","href":"https:\/\/api.w.org\/{rel}","templated":true}]}}